{"id":46172,"date":"2021-01-23T06:38:37","date_gmt":"2021-01-23T06:38:37","guid":{"rendered":"https:\/\/litho.themezaa.com\/?post_type=product&#038;p=46172"},"modified":"2025-08-25T17:54:33","modified_gmt":"2025-08-25T17:54:33","slug":"simple-product","status":"publish","type":"product","link":"https:\/\/silvrstat.com.mx\/?product=simple-product","title":{"rendered":"Gel SilvrSTAT 1oz"},"content":{"rendered":"<div style=\"width: 480px;\" class=\"wp-video\"><video class=\"wp-video-shortcode\" id=\"video-46172-1\" width=\"480\" height=\"856\" preload=\"metadata\" controls=\"controls\"><source type=\"video\/mp4\" src=\"https:\/\/silvrstat.com.mx\/wp-content\/uploads\/2022\/11\/video-silvrstat-giratorio.mp4?_=1\" \/><a href=\"https:\/\/silvrstat.com.mx\/wp-content\/uploads\/2022\/11\/video-silvrstat-giratorio.mp4\">https:\/\/silvrstat.com.mx\/wp-content\/uploads\/2022\/11\/video-silvrstat-giratorio.mp4<\/a><\/video><\/div>\n<p><strong>\u00bfCu\u00e1ndo usar SilvrSTAT Gel?<\/strong><br \/>\n-\u00dalceras de estasis<br \/>\n-\u00dalceras por presi\u00f3n y \u00falceras diab\u00e9ticas.<br \/>\n-Laceraciones y abrasiones<br \/>\n-Quemaduras de 1er y 2o grado<br \/>\n-Sitios de injerto y sitios de donantes<br \/>\n-Sitios de incisi\u00f3n quir\u00fargica<br \/>\n-Heridas en el sitio de inserci\u00f3n del dispositivo<\/p>\n","protected":false},"excerpt":{"rendered":"<p>El gel de ap\u00f3sito antibacteriano para heridas SilvrSTAT Silver es un ap\u00f3sito a base de agua indicado para el tratamiento de quemaduras y heridas de primer y segundo grado. Este gel contiene plata que inhibe el crecimiento de microorganismos como Staphylococcus aureus, Pseudomonas aeruginosa, Escherichia coli, cepas resistentes a antibi\u00f3ticos, MRSA y VRE, as\u00ed como hongos como Candida albicans y Aspergillus niger.<\/p>\n","protected":false},"featured_media":76168,"comment_status":"open","ping_status":"closed","template":"","meta":[],"product_brand":[],"product_cat":[84],"product_tag":[94,92,95,85],"class_list":{"0":"post-46172","1":"product","2":"type-product","3":"status-publish","4":"has-post-thumbnail","6":"product_cat-silvrstat","7":"product_tag-gel-con-nitrato-de-plata","8":"product_tag-gel-de-plata","9":"product_tag-gel-para-pie-diabetio","10":"product_tag-gel-silvrstat","12":"first","13":"instock","14":"sale","15":"featured","16":"shipping-taxable","17":"purchasable","18":"product-type-simple","19":"litho-product-5col"},"_links":{"self":[{"href":"https:\/\/silvrstat.com.mx\/index.php?rest_route=\/wp\/v2\/product\/46172","targetHints":{"allow":["GET"]}}],"collection":[{"href":"https:\/\/silvrstat.com.mx\/index.php?rest_route=\/wp\/v2\/product"}],"about":[{"href":"https:\/\/silvrstat.com.mx\/index.php?rest_route=\/wp\/v2\/types\/product"}],"replies":[{"embeddable":true,"href":"https:\/\/silvrstat.com.mx\/index.php?rest_route=%2Fwp%2Fv2%2Fcomments&post=46172"}],"wp:featuredmedia":[{"embeddable":true,"href":"https:\/\/silvrstat.com.mx\/index.php?rest_route=\/wp\/v2\/media\/76168"}],"wp:attachment":[{"href":"https:\/\/silvrstat.com.mx\/index.php?rest_route=%2Fwp%2Fv2%2Fmedia&parent=46172"}],"wp:term":[{"taxonomy":"product_brand","embeddable":true,"href":"https:\/\/silvrstat.com.mx\/index.php?rest_route=%2Fwp%2Fv2%2Fproduct_brand&post=46172"},{"taxonomy":"product_cat","embeddable":true,"href":"https:\/\/silvrstat.com.mx\/index.php?rest_route=%2Fwp%2Fv2%2Fproduct_cat&post=46172"},{"taxonomy":"product_tag","embeddable":true,"href":"https:\/\/silvrstat.com.mx\/index.php?rest_route=%2Fwp%2Fv2%2Fproduct_tag&post=46172"}],"curies":[{"name":"wp","href":"https:\/\/api.w.org\/{rel}","templated":true}]}}