{"id":75454,"date":"2022-11-29T22:18:59","date_gmt":"2022-11-29T22:18:59","guid":{"rendered":"http:\/\/silvrstat.com.mx\/?post_type=product&#038;p=75454"},"modified":"2025-08-04T22:52:03","modified_gmt":"2025-08-04T22:52:03","slug":"gel-silvrstat-90g","status":"publish","type":"product","link":"https:\/\/silvrstat.com.mx\/?product=gel-silvrstat-90g","title":{"rendered":"Gel SilvrSTAT 3oz"},"content":{"rendered":"<div style=\"width: 480px;\" class=\"wp-video\"><video class=\"wp-video-shortcode\" id=\"video-75454-1\" width=\"480\" height=\"856\" preload=\"metadata\" controls=\"controls\"><source type=\"video\/mp4\" src=\"https:\/\/silvrstat.com.mx\/wp-content\/uploads\/2022\/11\/video-silvrstat-giratorio.mp4?_=1\" \/><a href=\"https:\/\/silvrstat.com.mx\/wp-content\/uploads\/2022\/11\/video-silvrstat-giratorio.mp4\">https:\/\/silvrstat.com.mx\/wp-content\/uploads\/2022\/11\/video-silvrstat-giratorio.mp4<\/a><\/video><\/div>\n<p><strong>\u00bfCu\u00e1ndo usar SilvrSTAT Gel?<\/strong><br \/>\n-Quemaduras de 1er y 2o Grado<br \/>\n-\u00dalceras por presi\u00f3n y \u00falceras diab\u00e9ticas.<br \/>\n-Laceraciones y abrasiones de la piel<br \/>\n-Sitios de injerto y sitios de donantes<br \/>\n-Sitios de incisi\u00f3n quir\u00fargica<br \/>\n-Heridas en el sitio de inserci\u00f3n del dispositivo<\/p>\n","protected":false},"excerpt":{"rendered":"<p>El gel de ap\u00f3sito antibacteriano para heridas SilvrSTAT\u00a0 es un ap\u00f3sito a base de agua indicado para el tratamiento de quemaduras y heridas de primer y segundo grado. Este gel contiene plata que inhibe el crecimiento de microorganismos como Staphylococcus aureus, Pseudomonas aeruginosa, Escherichia coli, cepas resistentes a antibi\u00f3ticos, MRSA y VRE, as\u00ed como hongos como Candida albicans y Aspergillus niger.<\/p>\n<p>&nbsp;<\/p>\n[video width=\"1920\" height=\"1080\" mp4=\"https:\/\/silvrstat.com.mx\/wp-content\/uploads\/2022\/11\/WhatsApp-Video-2022-12-06-at-15.09.42.mp4\"][\/video]\n","protected":false},"featured_media":76167,"comment_status":"open","ping_status":"closed","template":"","meta":[],"product_brand":[],"product_cat":[84],"product_tag":[94,92,116,101,95,93,85,115],"class_list":{"0":"post-75454","1":"product","2":"type-product","3":"status-publish","4":"has-post-thumbnail","6":"product_cat-silvrstat","7":"product_tag-gel-con-nitrato-de-plata","8":"product_tag-gel-de-plata","9":"product_tag-gel-de-plata-silvasorb","10":"product_tag-gel-para-heridas","11":"product_tag-gel-para-pie-diabetio","12":"product_tag-gel-para-quemaduras","13":"product_tag-gel-silvrstat","14":"product_tag-silvasorb","16":"first","17":"instock","18":"featured","19":"shipping-taxable","20":"purchasable","21":"product-type-simple","22":"litho-product-5col"},"_links":{"self":[{"href":"https:\/\/silvrstat.com.mx\/index.php?rest_route=\/wp\/v2\/product\/75454","targetHints":{"allow":["GET"]}}],"collection":[{"href":"https:\/\/silvrstat.com.mx\/index.php?rest_route=\/wp\/v2\/product"}],"about":[{"href":"https:\/\/silvrstat.com.mx\/index.php?rest_route=\/wp\/v2\/types\/product"}],"replies":[{"embeddable":true,"href":"https:\/\/silvrstat.com.mx\/index.php?rest_route=%2Fwp%2Fv2%2Fcomments&post=75454"}],"wp:featuredmedia":[{"embeddable":true,"href":"https:\/\/silvrstat.com.mx\/index.php?rest_route=\/wp\/v2\/media\/76167"}],"wp:attachment":[{"href":"https:\/\/silvrstat.com.mx\/index.php?rest_route=%2Fwp%2Fv2%2Fmedia&parent=75454"}],"wp:term":[{"taxonomy":"product_brand","embeddable":true,"href":"https:\/\/silvrstat.com.mx\/index.php?rest_route=%2Fwp%2Fv2%2Fproduct_brand&post=75454"},{"taxonomy":"product_cat","embeddable":true,"href":"https:\/\/silvrstat.com.mx\/index.php?rest_route=%2Fwp%2Fv2%2Fproduct_cat&post=75454"},{"taxonomy":"product_tag","embeddable":true,"href":"https:\/\/silvrstat.com.mx\/index.php?rest_route=%2Fwp%2Fv2%2Fproduct_tag&post=75454"}],"curies":[{"name":"wp","href":"https:\/\/api.w.org\/{rel}","templated":true}]}}