{"id":75817,"date":"2022-12-08T18:07:43","date_gmt":"2022-12-08T18:07:43","guid":{"rendered":"https:\/\/silvrstat.com.mx\/?post_type=product&#038;p=75817"},"modified":"2025-05-05T16:38:59","modified_gmt":"2025-05-05T16:38:59","slug":"3-pack-gel-silvrstat-3oz","status":"publish","type":"product","link":"https:\/\/silvrstat.com.mx\/?product=3-pack-gel-silvrstat-3oz","title":{"rendered":"3 pack SilvrSTAT 3oz"},"content":{"rendered":"<p><strong>\u00bfCu\u00e1ndo usar SilvrSTAT Gel?<\/strong><br \/>\n-\u00dalceras de estasis<br \/>\n-\u00dalceras por presi\u00f3n y \u00falceras diab\u00e9ticas.<br \/>\n-Quemaduras de 1er y 2do grado<br \/>\n-Laceraciones y abrasiones de la piel<br \/>\n-Sitios de injerto y sitios de donantes<br \/>\n-Sitios de incisi\u00f3n quir\u00fargica<br \/>\n-Heridas en el sitio de inserci\u00f3n del dispositivo<\/p>\n","protected":false},"excerpt":{"rendered":"<p>El gel de\u00a0 antibacteriano para heridas SilvrSTAT\u00a0 es un ap\u00f3sito a base de agua indicado para el tratamiento de quemaduras y heridas de primer y segundo grado. Este gel contiene plata que inhibe el crecimiento de microorganismos como Staphylococcus aureus, Pseudomonas aeruginosa, Escherichia coli, cepas resistentes a antibi\u00f3ticos, MRSA y VRE, as\u00ed como hongos como Candida albicans y Aspergillus niger.<\/p>\n","protected":false},"featured_media":75819,"comment_status":"open","ping_status":"closed","template":"","meta":[],"product_brand":[],"product_cat":[84],"product_tag":[],"class_list":{"0":"post-75817","1":"product","2":"type-product","3":"status-publish","4":"has-post-thumbnail","6":"product_cat-silvrstat","8":"first","9":"instock","10":"sale","11":"featured","12":"shipping-taxable","13":"purchasable","14":"product-type-simple","15":"litho-product-5col"},"_links":{"self":[{"href":"https:\/\/silvrstat.com.mx\/index.php?rest_route=\/wp\/v2\/product\/75817","targetHints":{"allow":["GET"]}}],"collection":[{"href":"https:\/\/silvrstat.com.mx\/index.php?rest_route=\/wp\/v2\/product"}],"about":[{"href":"https:\/\/silvrstat.com.mx\/index.php?rest_route=\/wp\/v2\/types\/product"}],"replies":[{"embeddable":true,"href":"https:\/\/silvrstat.com.mx\/index.php?rest_route=%2Fwp%2Fv2%2Fcomments&post=75817"}],"wp:featuredmedia":[{"embeddable":true,"href":"https:\/\/silvrstat.com.mx\/index.php?rest_route=\/wp\/v2\/media\/75819"}],"wp:attachment":[{"href":"https:\/\/silvrstat.com.mx\/index.php?rest_route=%2Fwp%2Fv2%2Fmedia&parent=75817"}],"wp:term":[{"taxonomy":"product_brand","embeddable":true,"href":"https:\/\/silvrstat.com.mx\/index.php?rest_route=%2Fwp%2Fv2%2Fproduct_brand&post=75817"},{"taxonomy":"product_cat","embeddable":true,"href":"https:\/\/silvrstat.com.mx\/index.php?rest_route=%2Fwp%2Fv2%2Fproduct_cat&post=75817"},{"taxonomy":"product_tag","embeddable":true,"href":"https:\/\/silvrstat.com.mx\/index.php?rest_route=%2Fwp%2Fv2%2Fproduct_tag&post=75817"}],"curies":[{"name":"wp","href":"https:\/\/api.w.org\/{rel}","templated":true}]}}