{"id":75820,"date":"2022-12-08T18:22:15","date_gmt":"2022-12-08T18:22:15","guid":{"rendered":"https:\/\/silvrstat.com.mx\/?post_type=product&#038;p=75820"},"modified":"2025-02-01T17:51:24","modified_gmt":"2025-02-01T17:51:24","slug":"3-pack-silvrstat-1oz","status":"publish","type":"product","link":"https:\/\/silvrstat.com.mx\/?product=3-pack-silvrstat-1oz","title":{"rendered":"3 pack SilvrSTAT 1oz"},"content":{"rendered":"<p><strong>\u00bfCu\u00e1ndo usar SilvrSTAT Gel?<\/strong><br \/>\n-\u00dalceras de estasis Venosa<br \/>\n-\u00dalceras por presi\u00f3n y \u00falceras diab\u00e9ticas.<br \/>\n-Quemaduras de 1er y 2do Grado<br \/>\n-Laceraciones y abrasiones<br \/>\n-Sitios de injerto y sitios de donantes<br \/>\n-Sitios de incisi\u00f3n quir\u00fargica<br \/>\n-Heridas en el sitio de inserci\u00f3n del dispositivo<\/p>\n","protected":false},"excerpt":{"rendered":"<p>El gel antibacteriano para heridas SilvrSTAT Silver es un ap\u00f3sito a base de agua indicado para el tratamiento de quemaduras y heridas de primer y segundo grado. Este gel contiene plata que inhibe el crecimiento de microorganismos como Staphylococcus aureus, Pseudomonas aeruginosa, Escherichia coli, cepas resistentes a antibi\u00f3ticos, MRSA y VRE, as\u00ed como hongos como Candida albicans y Aspergillus niger.<\/p>\n<p>TODAS NUESTRAS VENTAS PUEDEN FACTURARSE!<\/p>\n[video width=\"1920\" height=\"1080\" mp4=\"https:\/\/silvrstat.com.mx\/wp-content\/uploads\/2022\/11\/WhatsApp-Video-2022-12-06-at-15.09.42.mp4\"][\/video]\n","protected":false},"featured_media":75819,"comment_status":"open","ping_status":"closed","template":"","meta":[],"product_brand":[],"product_cat":[84],"product_tag":[100,92,101],"class_list":{"0":"post-75820","1":"product","2":"type-product","3":"status-publish","4":"has-post-thumbnail","6":"product_cat-silvrstat","7":"product_tag-gel-de-iones-de-plata","8":"product_tag-gel-de-plata","9":"product_tag-gel-para-heridas","11":"first","12":"instock","13":"sale","14":"featured","15":"shipping-taxable","16":"purchasable","17":"product-type-simple","18":"litho-product-5col"},"_links":{"self":[{"href":"https:\/\/silvrstat.com.mx\/index.php?rest_route=\/wp\/v2\/product\/75820","targetHints":{"allow":["GET"]}}],"collection":[{"href":"https:\/\/silvrstat.com.mx\/index.php?rest_route=\/wp\/v2\/product"}],"about":[{"href":"https:\/\/silvrstat.com.mx\/index.php?rest_route=\/wp\/v2\/types\/product"}],"replies":[{"embeddable":true,"href":"https:\/\/silvrstat.com.mx\/index.php?rest_route=%2Fwp%2Fv2%2Fcomments&post=75820"}],"wp:featuredmedia":[{"embeddable":true,"href":"https:\/\/silvrstat.com.mx\/index.php?rest_route=\/wp\/v2\/media\/75819"}],"wp:attachment":[{"href":"https:\/\/silvrstat.com.mx\/index.php?rest_route=%2Fwp%2Fv2%2Fmedia&parent=75820"}],"wp:term":[{"taxonomy":"product_brand","embeddable":true,"href":"https:\/\/silvrstat.com.mx\/index.php?rest_route=%2Fwp%2Fv2%2Fproduct_brand&post=75820"},{"taxonomy":"product_cat","embeddable":true,"href":"https:\/\/silvrstat.com.mx\/index.php?rest_route=%2Fwp%2Fv2%2Fproduct_cat&post=75820"},{"taxonomy":"product_tag","embeddable":true,"href":"https:\/\/silvrstat.com.mx\/index.php?rest_route=%2Fwp%2Fv2%2Fproduct_tag&post=75820"}],"curies":[{"name":"wp","href":"https:\/\/api.w.org\/{rel}","templated":true}]}}