{"id":76040,"date":"2024-05-14T03:44:28","date_gmt":"2024-05-14T03:44:28","guid":{"rendered":"https:\/\/silvrstat.com.mx\/?post_type=product&#038;p=76040"},"modified":"2024-11-29T23:53:28","modified_gmt":"2024-11-29T23:53:28","slug":"silvrstat-limpiador-para-heridas-spray-4oz","status":"publish","type":"product","link":"https:\/\/silvrstat.com.mx\/?product=silvrstat-limpiador-para-heridas-spray-4oz","title":{"rendered":"SilvrSTAT Soluci\u00f3n para heridas Spray 4oz"},"content":{"rendered":"<p>Limpiador para heridas SilvrSTAT, nanopart\u00edculas de plata met\u00e1lica en un limpiador (spray). botella gatillo 4oz<br \/>\nAprobado por la FDA para eliminar pat\u00f3genos de importancia medica que retrasan el proceso de cicatrizaci\u00f3n.<\/p>\n<p>Para usarse en :<br \/>\nUlceras por Presi\u00f3n<br \/>\nUlceras diab\u00e9ticas<br \/>\nQuemaduras<br \/>\nHeridas Traum\u00e1ticas y mas<\/p>\n","protected":false},"excerpt":{"rendered":"<p>Limpiador para heridas SilvrSTAT, nanopart\u00edculas de plata met\u00e1lica en un limpiador (spray). botella gatillo 4oz<br \/>\nAprobado por la FDA para eliminar pat\u00f3genos de importancia medica que retrasan el proceso de cicatrizaci\u00f3n.<\/p>\n<p>TODAS NUESTRAS VENTAS PUEDEN FACTURARSE!<\/p>\n","protected":false},"featured_media":76152,"comment_status":"open","ping_status":"closed","template":"","meta":[],"product_brand":[],"product_cat":[84],"product_tag":[107,108,97,99,110,109],"class_list":{"0":"post-76040","1":"product","2":"type-product","3":"status-publish","4":"has-post-thumbnail","6":"product_cat-silvrstat","7":"product_tag-plata-en-solucion","8":"product_tag-plata-en-spray","9":"product_tag-solucion-de-iones-de-plata","10":"product_tag-spray-para-heridas","11":"product_tag-spray-para-heridas-de-perros","12":"product_tag-spray-para-quemaduras","14":"first","15":"instock","16":"shipping-taxable","17":"purchasable","18":"product-type-simple","19":"litho-product-5col"},"_links":{"self":[{"href":"https:\/\/silvrstat.com.mx\/index.php?rest_route=\/wp\/v2\/product\/76040","targetHints":{"allow":["GET"]}}],"collection":[{"href":"https:\/\/silvrstat.com.mx\/index.php?rest_route=\/wp\/v2\/product"}],"about":[{"href":"https:\/\/silvrstat.com.mx\/index.php?rest_route=\/wp\/v2\/types\/product"}],"replies":[{"embeddable":true,"href":"https:\/\/silvrstat.com.mx\/index.php?rest_route=%2Fwp%2Fv2%2Fcomments&post=76040"}],"wp:featuredmedia":[{"embeddable":true,"href":"https:\/\/silvrstat.com.mx\/index.php?rest_route=\/wp\/v2\/media\/76152"}],"wp:attachment":[{"href":"https:\/\/silvrstat.com.mx\/index.php?rest_route=%2Fwp%2Fv2%2Fmedia&parent=76040"}],"wp:term":[{"taxonomy":"product_brand","embeddable":true,"href":"https:\/\/silvrstat.com.mx\/index.php?rest_route=%2Fwp%2Fv2%2Fproduct_brand&post=76040"},{"taxonomy":"product_cat","embeddable":true,"href":"https:\/\/silvrstat.com.mx\/index.php?rest_route=%2Fwp%2Fv2%2Fproduct_cat&post=76040"},{"taxonomy":"product_tag","embeddable":true,"href":"https:\/\/silvrstat.com.mx\/index.php?rest_route=%2Fwp%2Fv2%2Fproduct_tag&post=76040"}],"curies":[{"name":"wp","href":"https:\/\/api.w.org\/{rel}","templated":true}]}}